{"id":3490,"date":"2023-01-03T14:55:42","date_gmt":"2023-01-03T13:55:42","guid":{"rendered":"https:\/\/e-xact.de\/produkt\/exact-zauberwuerfelschlange\/"},"modified":"2026-01-28T10:45:31","modified_gmt":"2026-01-28T09:45:31","slug":"exact-zauberwuerfelschlange","status":"publish","type":"product","link":"https:\/\/e-xact.de\/en\/product\/exact-zauberwuerfelschlange\/","title":{"rendered":"e!xact Magic Cube Snake"},"content":{"rendered":"<p>Das flexible Fun-Puzzle zum Formen, Spielen und Staunen.<br \/>\nDie Zauberw\u00fcrfel Schlange\/ Snake besteht aus mehreren dreieckigen Segmenten, die sich um 360\u00b0 drehen lassen. Durch diese beweglichen Elemente k\u00f6nnen unz\u00e4hlige Formen entstehen \u2013 von einfachen Linien und Schleifen bis hin zu Tieren, Objekten oder abstrakten Figuren. Das Puzzle f\u00f6rdert Kreativit\u00e4t, r\u00e4umliches Denken und sorgt f\u00fcr endlosen Spielspa\u00df. Ob als Gadget f\u00fcr den Schreibtisch, als fesselndes Werbemittel oder als entspannende Besch\u00e4ftigung zwischendurch \u2013 Zauberw\u00fcrfel Schlange\/ Snake begeistert Kinder wie Erwachsene gleicherma\u00dfen.<br \/>\nLeicht, robust und immer wieder neu formbar: ein Klassiker, der nie aus der Mode kommt.<\/p>","protected":false},"excerpt":{"rendered":"<p>Das flexible Fun-Puzzle zum Formen, Spielen und Staunen. Die Zauberw\u00fcrfel Schlange\/ Snake besteht aus mehreren dreieckigen Segmenten, die sich um 360\u00b0 drehen lassen. Durch diese beweglichen Elemente k\u00f6nnen unz\u00e4hlige Formen entstehen \u2013 von einfachen Linien und Schleifen bis hin zu Tieren, Objekten oder abstrakten Figuren. Das Puzzle f\u00f6rdert Kreativit\u00e4t, r\u00e4umliches Denken und sorgt f\u00fcr endlosen [&hellip;]<\/p>\n","protected":false},"featured_media":3646,"template":"","meta":{"_et_pb_use_builder":"","_et_pb_old_content":"","_et_gb_content_width":""},"product_brand":[],"product_cat":[1301],"product_tag":[1373,568,737,1372,720,764,533,1374,727,656,766],"class_list":{"0":"post-3490","1":"product","2":"type-product","3":"status-publish","4":"has-post-thumbnail","6":"product_cat-puzzlewelt","7":"product_tag-figuren","8":"product_tag-geduldspiel","9":"product_tag-kreativitaet","10":"product_tag-puzzlen","11":"product_tag-rubiks","12":"product_tag-schlange","13":"product_tag-schueler","14":"product_tag-snake-2","15":"product_tag-spielsachen","16":"product_tag-spielzeug","17":"product_tag-verdrehschlange","19":"first","20":"instock","21":"shipping-taxable","22":"product-type-simple"},"_links":{"self":[{"href":"https:\/\/e-xact.de\/en\/wp-json\/wp\/v2\/product\/3490","targetHints":{"allow":["GET"]}}],"collection":[{"href":"https:\/\/e-xact.de\/en\/wp-json\/wp\/v2\/product"}],"about":[{"href":"https:\/\/e-xact.de\/en\/wp-json\/wp\/v2\/types\/product"}],"wp:featuredmedia":[{"embeddable":true,"href":"https:\/\/e-xact.de\/en\/wp-json\/wp\/v2\/media\/3646"}],"wp:attachment":[{"href":"https:\/\/e-xact.de\/en\/wp-json\/wp\/v2\/media?parent=3490"}],"wp:term":[{"taxonomy":"product_brand","embeddable":true,"href":"https:\/\/e-xact.de\/en\/wp-json\/wp\/v2\/product_brand?post=3490"},{"taxonomy":"product_cat","embeddable":true,"href":"https:\/\/e-xact.de\/en\/wp-json\/wp\/v2\/product_cat?post=3490"},{"taxonomy":"product_tag","embeddable":true,"href":"https:\/\/e-xact.de\/en\/wp-json\/wp\/v2\/product_tag?post=3490"}],"curies":[{"name":"wp","href":"https:\/\/api.w.org\/{rel}","templated":true}]}}