{"id":3486,"date":"2024-09-30T13:50:32","date_gmt":"2024-09-30T11:50:32","guid":{"rendered":"https:\/\/e-xact.de\/produkt\/exact-holzwuerfel-klein\/"},"modified":"2025-12-12T13:43:31","modified_gmt":"2025-12-12T12:43:31","slug":"exact-holzwuerfel-klein","status":"publish","type":"product","link":"https:\/\/e-xact.de\/en\/product\/exact-holzwuerfel-klein\/","title":{"rendered":"e!xact Holzw\u00fcrfel &#8211; verschiedene Gr\u00f6\u00dfen m\u00f6glich!"},"content":{"rendered":"<p>High-quality wooden cubes \u2013 natural, durable, and versatile.<br \/>\nOur wooden dice are crafted from carefully selected types of wood and impress with their pleasant feel and the characteristically soft, rounded corners of dice for games. Each die sits perfectly in the hand and beautifully showcases the natural grain of the wood.<br \/>\nAvailable in various sizes, our wooden cubes are ideal as promotional items, game accessories, giveaways, or high-quality presents with a natural character.<\/p>","protected":false},"excerpt":{"rendered":"<p>Hochwertige Holzw\u00fcrfel \u2013 nat\u00fcrlich, langlebig und vielseitig einsetzbar. Unsere Holzw\u00fcrfel werden aus sorgf\u00e4ltig ausgew\u00e4hlten Holzarten gefertigt und \u00fcberzeugen durch ihre angenehme Haptik sowie die f\u00fcr Spielw\u00fcrfel typischen, sanft abgerundeten Ecken. Jeder W\u00fcrfel liegt perfekt in der Hand und bringt die nat\u00fcrliche Struktur des Holzes besonders sch\u00f6n zur Geltung. Erh\u00e4ltlich in verschiedenen Gr\u00f6\u00dfen, eignen sich unsere [&hellip;]<\/p>\n","protected":false},"featured_media":4304,"template":"","meta":{"_et_pb_use_builder":"","_et_pb_old_content":"","_et_gb_content_width":""},"product_brand":[],"product_cat":[207],"product_tag":[1367,1413,1412,1410,1411,1364,1365,1366,1363,1409],"class_list":{"0":"post-3486","1":"product","2":"type-product","3":"status-publish","4":"has-post-thumbnail","6":"product_cat-wuerfelwelt","7":"product_tag-bilderdruck","8":"product_tag-entscheidungsfinder","9":"product_tag-holzspielzeug","10":"product_tag-kniffel","11":"product_tag-knobelspiel","12":"product_tag-mensch-aergere-dich-nicht","13":"product_tag-sonderformate","14":"product_tag-sondergroessen","15":"product_tag-wuerfel-aus-holz","16":"product_tag-wuerfelspiel","18":"first","19":"instock","20":"shipping-taxable","21":"product-type-simple"},"_links":{"self":[{"href":"https:\/\/e-xact.de\/en\/wp-json\/wp\/v2\/product\/3486","targetHints":{"allow":["GET"]}}],"collection":[{"href":"https:\/\/e-xact.de\/en\/wp-json\/wp\/v2\/product"}],"about":[{"href":"https:\/\/e-xact.de\/en\/wp-json\/wp\/v2\/types\/product"}],"wp:featuredmedia":[{"embeddable":true,"href":"https:\/\/e-xact.de\/en\/wp-json\/wp\/v2\/media\/4304"}],"wp:attachment":[{"href":"https:\/\/e-xact.de\/en\/wp-json\/wp\/v2\/media?parent=3486"}],"wp:term":[{"taxonomy":"product_brand","embeddable":true,"href":"https:\/\/e-xact.de\/en\/wp-json\/wp\/v2\/product_brand?post=3486"},{"taxonomy":"product_cat","embeddable":true,"href":"https:\/\/e-xact.de\/en\/wp-json\/wp\/v2\/product_cat?post=3486"},{"taxonomy":"product_tag","embeddable":true,"href":"https:\/\/e-xact.de\/en\/wp-json\/wp\/v2\/product_tag?post=3486"}],"curies":[{"name":"wp","href":"https:\/\/api.w.org\/{rel}","templated":true}]}}