{"id":3482,"date":"2024-09-30T14:00:19","date_gmt":"2024-09-30T12:00:19","guid":{"rendered":"https:\/\/e-xact.de\/produkt\/exact-puzzle-wuerfel\/"},"modified":"2026-01-28T10:34:40","modified_gmt":"2026-01-28T09:34:40","slug":"exact-puzzle-wuerfel","status":"publish","type":"product","link":"https:\/\/e-xact.de\/en\/product\/exact-puzzle-wuerfel\/","title":{"rendered":"e!xact wooden puzzle cube"},"content":{"rendered":"<p>Mit seiner 60-mm-Kantenl\u00e4nge und 7 Einzelteilen sorgt er f\u00fcr Spielspa\u00df f\u00fcr jedes Alter. Schnell erkl\u00e4rt, leicht zu l\u00f6sen und ideal zum Knobeln zwischendurch.<br \/>\nDie Logobedruckung erfolgt auf einem Baustein. Optional ist ein L\u00f6sungsheft und ein bedruckbares Baumwolls\u00e4ckchen erh\u00e4ltlich.<\/p>","protected":false},"excerpt":{"rendered":"<p>Mit seiner 60-mm-Kantenl\u00e4nge und 7 Einzelteilen sorgt er f\u00fcr Spielspa\u00df f\u00fcr jedes Alter. Schnell erkl\u00e4rt, leicht zu l\u00f6sen und ideal zum Knobeln zwischendurch. Die Logobedruckung erfolgt auf einem Baustein. Optional ist ein L\u00f6sungsheft und ein bedruckbares Baumwolls\u00e4ckchen erh\u00e4ltlich.<\/p>","protected":false},"featured_media":3345,"template":"","meta":{"_et_pb_use_builder":"","_et_pb_old_content":"","_et_gb_content_width":""},"product_brand":[],"product_cat":[1301,207],"product_tag":[1397,583,1415,584,568,1355,1412,756,1414,1360,1359,1394],"class_list":{"0":"post-3482","1":"product","2":"type-product","3":"status-publish","4":"has-post-thumbnail","6":"product_cat-puzzlewelt","7":"product_cat-wuerfelwelt","8":"product_tag-banken","9":"product_tag-bauen","10":"product_tag-baufinanzierung","11":"product_tag-bausparkasse","12":"product_tag-geduldspiel","13":"product_tag-holzpuzzle","14":"product_tag-holzspielzeug","15":"product_tag-holzwuerfel","16":"product_tag-naturprodukt","17":"product_tag-puzzlecube","18":"product_tag-tetris","19":"product_tag-versicherung","21":"first","22":"instock","23":"shipping-taxable","24":"product-type-simple"},"_links":{"self":[{"href":"https:\/\/e-xact.de\/en\/wp-json\/wp\/v2\/product\/3482","targetHints":{"allow":["GET"]}}],"collection":[{"href":"https:\/\/e-xact.de\/en\/wp-json\/wp\/v2\/product"}],"about":[{"href":"https:\/\/e-xact.de\/en\/wp-json\/wp\/v2\/types\/product"}],"wp:featuredmedia":[{"embeddable":true,"href":"https:\/\/e-xact.de\/en\/wp-json\/wp\/v2\/media\/3345"}],"wp:attachment":[{"href":"https:\/\/e-xact.de\/en\/wp-json\/wp\/v2\/media?parent=3482"}],"wp:term":[{"taxonomy":"product_brand","embeddable":true,"href":"https:\/\/e-xact.de\/en\/wp-json\/wp\/v2\/product_brand?post=3482"},{"taxonomy":"product_cat","embeddable":true,"href":"https:\/\/e-xact.de\/en\/wp-json\/wp\/v2\/product_cat?post=3482"},{"taxonomy":"product_tag","embeddable":true,"href":"https:\/\/e-xact.de\/en\/wp-json\/wp\/v2\/product_tag?post=3482"}],"curies":[{"name":"wp","href":"https:\/\/api.w.org\/{rel}","templated":true}]}}