{"id":3475,"date":"2023-01-03T14:35:57","date_gmt":"2023-01-03T13:35:57","guid":{"rendered":"https:\/\/e-xact.de\/produkt\/exact-haus\/"},"modified":"2025-12-10T15:03:56","modified_gmt":"2025-12-10T14:03:56","slug":"exact-haus","status":"publish","type":"product","link":"https:\/\/e-xact.de\/en\/product\/exact-haus\/","title":{"rendered":"e!xact magic cube house"},"content":{"rendered":"<p>Das Zauberw\u00fcrfel-Hausist ein echter Hingucker \u2013 und l\u00e4sst sich genauso l\u00f6sen wie der klassische Zauberw\u00fcrfel.<br \/>\nDas e!xact Haus bietet vielseitige M\u00f6glichkeiten, Ihre Botschaft kreativ zu pr\u00e4sentieren. Ideal f\u00fcr Bausparkassen, Versicherungen, Bauunternehmern und Immobilienmakler \u2013 oder \u00fcberall dort, wo das Thema \u201ealles unter einem Dach\u201c passt, z.\u202fB. bei komplexen Produktportfolios oder Firmenfusionen.<\/p>","protected":false},"excerpt":{"rendered":"<p>Das Zauberw\u00fcrfel-Hausist ein echter Hingucker \u2013 und l\u00e4sst sich genauso l\u00f6sen wie der klassische Zauberw\u00fcrfel. Das e!xact Haus bietet vielseitige M\u00f6glichkeiten, Ihre Botschaft kreativ zu pr\u00e4sentieren. Ideal f\u00fcr Bausparkassen, Versicherungen, Bauunternehmern und Immobilienmakler \u2013 oder \u00fcberall dort, wo das Thema \u201ealles unter einem Dach\u201c passt, z.\u202fB. bei komplexen Produktportfolios oder Firmenfusionen.<\/p>","protected":false},"featured_media":3474,"template":"","meta":{"_et_pb_use_builder":"","_et_pb_old_content":"","_et_gb_content_width":""},"product_brand":[],"product_cat":[1301,207],"product_tag":[719,746,726,717,748,567,734,561,731,733,737,732,725,730,747,635,724,721,722,736,727,656,729,648,735,650,723,718],"class_list":{"0":"post-3475","1":"product","2":"type-product","3":"status-publish","4":"has-post-thumbnail","6":"product_cat-puzzlewelt","7":"product_cat-wuerfelwelt","8":"product_tag-cube","9":"product_tag-dach","10":"product_tag-drehwuerfel","11":"product_tag-exact","12":"product_tag-fusionrubiks","13":"product_tag-geduld","14":"product_tag-genie","15":"product_tag-haus","16":"product_tag-komlpexe-loesung","17":"product_tag-komplex","18":"product_tag-kreativitaet","19":"product_tag-loesung","20":"product_tag-magic-cube","21":"product_tag-mathematik","22":"product_tag-portfolio","23":"product_tag-puzzle","24":"product_tag-rubick","25":"product_tag-rubik","26":"product_tag-rubix","27":"product_tag-schwer-loesbar","28":"product_tag-spielsachen","29":"product_tag-spielzeug","30":"product_tag-suchgeraet","31":"product_tag-taschenlampe","32":"product_tag-unloesbar","33":"product_tag-wuerfel","34":"product_tag-zauber","35":"product_tag-zauberwuerfel","37":"first","38":"instock","39":"shipping-taxable","40":"product-type-simple"},"_links":{"self":[{"href":"https:\/\/e-xact.de\/en\/wp-json\/wp\/v2\/product\/3475","targetHints":{"allow":["GET"]}}],"collection":[{"href":"https:\/\/e-xact.de\/en\/wp-json\/wp\/v2\/product"}],"about":[{"href":"https:\/\/e-xact.de\/en\/wp-json\/wp\/v2\/types\/product"}],"wp:featuredmedia":[{"embeddable":true,"href":"https:\/\/e-xact.de\/en\/wp-json\/wp\/v2\/media\/3474"}],"wp:attachment":[{"href":"https:\/\/e-xact.de\/en\/wp-json\/wp\/v2\/media?parent=3475"}],"wp:term":[{"taxonomy":"product_brand","embeddable":true,"href":"https:\/\/e-xact.de\/en\/wp-json\/wp\/v2\/product_brand?post=3475"},{"taxonomy":"product_cat","embeddable":true,"href":"https:\/\/e-xact.de\/en\/wp-json\/wp\/v2\/product_cat?post=3475"},{"taxonomy":"product_tag","embeddable":true,"href":"https:\/\/e-xact.de\/en\/wp-json\/wp\/v2\/product_tag?post=3475"}],"curies":[{"name":"wp","href":"https:\/\/api.w.org\/{rel}","templated":true}]}}