{"id":3467,"date":"2023-01-03T16:05:25","date_gmt":"2023-01-03T15:05:25","guid":{"rendered":"https:\/\/e-xact.de\/produkt\/exact-zauberwuerfel-der-klassiker-3x3-34-mm\/"},"modified":"2025-12-11T12:35:39","modified_gmt":"2025-12-11T11:35:39","slug":"exact-zauberwuerfel-der-klassiker-3x3-34-mm","status":"publish","type":"product","link":"https:\/\/e-xact.de\/en\/product\/exact-zauberwuerfel-der-klassiker-3x3-34-mm\/","title":{"rendered":"e!xact Zauberw\u00fcrfel \u2013 3&#215;3 35 mm Schl\u00fcsselanh\u00e4nger"},"content":{"rendered":"<p>The 3x3 mini Rubik's Cube with 35mm sides is the perfect on-the-go companion. Equipped with a sturdy keychain, you can easily attach it to your keyring, backpack, or bag and take a quick puzzling break anytime.<\/p>\n<p>Despite its compact size, the mini cube offers full functionality: all layers can be turned smoothly, providing the same fun and challenge as a standard 3\u00d73 cube \u2013 just in a handy mini format.<\/p>","protected":false},"excerpt":{"rendered":"<p>Der 3&#215;3 Mini-Zauberw\u00fcrfel mit 35 mm Seitenl\u00e4nge ist der perfekte Begleiter f\u00fcr unterwegs. Ausgestattet mit einem stabilen Schl\u00fcsselanh\u00e4nger, kannst du ihn ganz einfach an deinem Schl\u00fcsselbund, Rucksack oder deiner Tasche befestigen und jederzeit eine kleine Knobelpause einlegen. Trotz seiner kompakten Gr\u00f6\u00dfe bietet der Mini-W\u00fcrfel volle Funktionalit\u00e4t: Alle Ebenen lassen sich sauber drehen, sodass du denselben [&hellip;]<\/p>\n","protected":false},"featured_media":4227,"template":"","meta":{"_et_pb_use_builder":"","_et_pb_old_content":"","_et_gb_content_width":""},"product_brand":[],"product_cat":[207],"product_tag":[728,719,726,1338,567,576,733,737,732,730,635,724,721,720,722,533,656,650,723,718],"class_list":{"0":"post-3467","1":"product","2":"type-product","3":"status-publish","4":"has-post-thumbnail","6":"product_cat-wuerfelwelt","7":"product_tag-camping","8":"product_tag-cube","9":"product_tag-drehwuerfel","10":"product_tag-einschulung","11":"product_tag-geduld","12":"product_tag-kinder","13":"product_tag-komplex","14":"product_tag-kreativitaet","15":"product_tag-loesung","16":"product_tag-mathematik","17":"product_tag-puzzle","18":"product_tag-rubick","19":"product_tag-rubik","20":"product_tag-rubiks","21":"product_tag-rubix","22":"product_tag-schueler","23":"product_tag-spielzeug","24":"product_tag-wuerfel","25":"product_tag-zauber","26":"product_tag-zauberwuerfel","28":"first","29":"instock","30":"shipping-taxable","31":"product-type-simple"},"_links":{"self":[{"href":"https:\/\/e-xact.de\/en\/wp-json\/wp\/v2\/product\/3467","targetHints":{"allow":["GET"]}}],"collection":[{"href":"https:\/\/e-xact.de\/en\/wp-json\/wp\/v2\/product"}],"about":[{"href":"https:\/\/e-xact.de\/en\/wp-json\/wp\/v2\/types\/product"}],"wp:featuredmedia":[{"embeddable":true,"href":"https:\/\/e-xact.de\/en\/wp-json\/wp\/v2\/media\/4227"}],"wp:attachment":[{"href":"https:\/\/e-xact.de\/en\/wp-json\/wp\/v2\/media?parent=3467"}],"wp:term":[{"taxonomy":"product_brand","embeddable":true,"href":"https:\/\/e-xact.de\/en\/wp-json\/wp\/v2\/product_brand?post=3467"},{"taxonomy":"product_cat","embeddable":true,"href":"https:\/\/e-xact.de\/en\/wp-json\/wp\/v2\/product_cat?post=3467"},{"taxonomy":"product_tag","embeddable":true,"href":"https:\/\/e-xact.de\/en\/wp-json\/wp\/v2\/product_tag?post=3467"}],"curies":[{"name":"wp","href":"https:\/\/api.w.org\/{rel}","templated":true}]}}