{"id":3465,"date":"2023-01-03T16:15:18","date_gmt":"2023-01-03T15:15:18","guid":{"rendered":"https:\/\/e-xact.de\/produkt\/exact-zauberwuerfel-der-klassiker-2x2-50-mm\/"},"modified":"2025-12-11T12:20:37","modified_gmt":"2025-12-11T11:20:37","slug":"exact-zauberwuerfel-der-klassiker-2x2-50-mm","status":"publish","type":"product","link":"https:\/\/e-xact.de\/en\/product\/exact-zauberwuerfel-der-klassiker-2x2-50-mm\/","title":{"rendered":"e!xact Zauberw\u00fcrfel \u2013 2&#215;2 50 mm"},"content":{"rendered":"<p>Der 2&#215;2 Zauberw\u00fcrfel in kompakter Gr\u00f6\u00dfe von 50 mm ist das perfekte Einsteiger-Puzzle f\u00fcr alle, die sich an der Magie des Zauberw\u00fcrfels versuchen wollen. Mit seinem minimalistischen Design und der hohen Stabilit\u00e4t bietet dieser W\u00fcrfel stundenlangen Spa\u00df und f\u00f6rdert gleichzeitig das r\u00e4umliche Denken und die Probleml\u00f6sungsf\u00e4higkeiten.<\/p>","protected":false},"excerpt":{"rendered":"<p>Der 2&#215;2 Zauberw\u00fcrfel in kompakter Gr\u00f6\u00dfe von 50 mm ist das perfekte Einsteiger-Puzzle f\u00fcr alle, die sich an der Magie des Zauberw\u00fcrfels versuchen wollen. Mit seinem minimalistischen Design und der hohen Stabilit\u00e4t bietet dieser W\u00fcrfel stundenlangen Spa\u00df und f\u00f6rdert gleichzeitig das r\u00e4umliche Denken und die Probleml\u00f6sungsf\u00e4higkeiten.<\/p>","protected":false},"featured_media":4298,"template":"","meta":{"_et_pb_use_builder":"","_et_pb_old_content":"","_et_gb_content_width":""},"product_brand":[],"product_cat":[207],"product_tag":[719,726,567,733,737,730,635,724,721,720,722,736,656,735,650,723,718],"class_list":{"0":"post-3465","1":"product","2":"type-product","3":"status-publish","4":"has-post-thumbnail","6":"product_cat-wuerfelwelt","7":"product_tag-cube","8":"product_tag-drehwuerfel","9":"product_tag-geduld","10":"product_tag-komplex","11":"product_tag-kreativitaet","12":"product_tag-mathematik","13":"product_tag-puzzle","14":"product_tag-rubick","15":"product_tag-rubik","16":"product_tag-rubiks","17":"product_tag-rubix","18":"product_tag-schwer-loesbar","19":"product_tag-spielzeug","20":"product_tag-unloesbar","21":"product_tag-wuerfel","22":"product_tag-zauber","23":"product_tag-zauberwuerfel","25":"first","26":"instock","27":"shipping-taxable","28":"product-type-simple"},"_links":{"self":[{"href":"https:\/\/e-xact.de\/en\/wp-json\/wp\/v2\/product\/3465","targetHints":{"allow":["GET"]}}],"collection":[{"href":"https:\/\/e-xact.de\/en\/wp-json\/wp\/v2\/product"}],"about":[{"href":"https:\/\/e-xact.de\/en\/wp-json\/wp\/v2\/types\/product"}],"wp:featuredmedia":[{"embeddable":true,"href":"https:\/\/e-xact.de\/en\/wp-json\/wp\/v2\/media\/4298"}],"wp:attachment":[{"href":"https:\/\/e-xact.de\/en\/wp-json\/wp\/v2\/media?parent=3465"}],"wp:term":[{"taxonomy":"product_brand","embeddable":true,"href":"https:\/\/e-xact.de\/en\/wp-json\/wp\/v2\/product_brand?post=3465"},{"taxonomy":"product_cat","embeddable":true,"href":"https:\/\/e-xact.de\/en\/wp-json\/wp\/v2\/product_cat?post=3465"},{"taxonomy":"product_tag","embeddable":true,"href":"https:\/\/e-xact.de\/en\/wp-json\/wp\/v2\/product_tag?post=3465"}],"curies":[{"name":"wp","href":"https:\/\/api.w.org\/{rel}","templated":true}]}}