{"id":3407,"date":"2022-01-28T16:30:42","date_gmt":"2022-01-28T15:30:42","guid":{"rendered":"https:\/\/e-xact.de\/produkt\/schluessel-zum-erfolg\/"},"modified":"2026-01-28T10:48:32","modified_gmt":"2026-01-28T09:48:32","slug":"schluessel-zum-erfolg","status":"publish","type":"product","link":"https:\/\/e-xact.de\/en\/product\/schluessel-zum-erfolg\/","title":{"rendered":"e!xact &#8211; Schl\u00fcssel zum Erfolg aus Holz"},"content":{"rendered":"<p>Das Geschicklichkeitsspiel! Die Scheibe muss durch das Schl\u00fcssellabyrinth bis nach oben gebracht werden. Der Schl\u00fcssel und die Scheibe sind aus Holz und gr\u00f6\u00dfer als Sie denken: ca. 15&#215;6 cm. Das Spiel ist ideal als Give-Away im Streuartikelbereich. Standardfarbe natur. Die Labyrinth-Scheibe ist standardm\u00e4\u00dfig rund.<\/p>","protected":false},"excerpt":{"rendered":"<p>Das Geschicklichkeitsspiel! Die Scheibe muss durch das Schl\u00fcssellabyrinth bis nach oben gebracht werden. Der Schl\u00fcssel und die Scheibe sind aus Holz und gr\u00f6\u00dfer als Sie denken: ca. 15&#215;6 cm. Das Spiel ist ideal als Give-Away im Streuartikelbereich. Standardfarbe natur. Die Labyrinth-Scheibe ist standardm\u00e4\u00dfig rund.<\/p>","protected":false},"featured_media":4760,"template":"","meta":{"_et_pb_use_builder":"","_et_pb_old_content":"","_et_gb_content_width":""},"product_brand":[],"product_cat":[1301],"product_tag":[543,567,568,1362,555,635,656],"class_list":{"0":"post-3407","1":"product","2":"type-product","3":"status-publish","4":"has-post-thumbnail","6":"product_cat-puzzlewelt","7":"product_tag-fussball","8":"product_tag-geduld","9":"product_tag-geduldspiel","10":"product_tag-holzprodukte","11":"product_tag-mailing","12":"product_tag-puzzle","13":"product_tag-spielzeug","15":"first","16":"instock","17":"shipping-taxable","18":"product-type-simple"},"_links":{"self":[{"href":"https:\/\/e-xact.de\/en\/wp-json\/wp\/v2\/product\/3407","targetHints":{"allow":["GET"]}}],"collection":[{"href":"https:\/\/e-xact.de\/en\/wp-json\/wp\/v2\/product"}],"about":[{"href":"https:\/\/e-xact.de\/en\/wp-json\/wp\/v2\/types\/product"}],"wp:featuredmedia":[{"embeddable":true,"href":"https:\/\/e-xact.de\/en\/wp-json\/wp\/v2\/media\/4760"}],"wp:attachment":[{"href":"https:\/\/e-xact.de\/en\/wp-json\/wp\/v2\/media?parent=3407"}],"wp:term":[{"taxonomy":"product_brand","embeddable":true,"href":"https:\/\/e-xact.de\/en\/wp-json\/wp\/v2\/product_brand?post=3407"},{"taxonomy":"product_cat","embeddable":true,"href":"https:\/\/e-xact.de\/en\/wp-json\/wp\/v2\/product_cat?post=3407"},{"taxonomy":"product_tag","embeddable":true,"href":"https:\/\/e-xact.de\/en\/wp-json\/wp\/v2\/product_tag?post=3407"}],"curies":[{"name":"wp","href":"https:\/\/api.w.org\/{rel}","templated":true}]}}