{"id":3403,"date":"2022-01-28T16:30:33","date_gmt":"2022-01-28T15:30:33","guid":{"rendered":"https:\/\/e-xact.de\/produkt\/paper-pop-up-cube\/"},"modified":"2025-12-18T15:40:03","modified_gmt":"2025-12-18T14:40:03","slug":"paper-pop-up-cube","status":"publish","type":"product","link":"https:\/\/e-xact.de\/en\/product\/paper-pop-up-cube\/","title":{"rendered":"e!xact Paper Pop Up Cube"},"content":{"rendered":"<p>Der Paper Popup Cube Springw\u00fcrfel aus Karton mit einem Gummiband als &#8222;Springfeder&#8220; ist das ideale Produkt f\u00fcr viele Werbeideen. Er sorgt f\u00fcr \u00dcberraschung beim Empf\u00e4nger und bietet viel Platz f\u00fcr die Gestaltung. Der W\u00fcrfel wird in einer bedruckten Papier-Versandtasche flach geliefert. Wird der Umschlag ge\u00f6ffnet, poppt der W\u00fcrfel auf. W\u00fcrfel und Umschlag sind 4-farbig nach Euroskala bedruckbar. Ideales Werbegeschenk f\u00fcr Mailings, da flach und leicht.<\/p>","protected":false},"excerpt":{"rendered":"<p>Der Paper Popup Cube Springw\u00fcrfel aus Karton mit einem Gummiband als &#8222;Springfeder&#8220; ist das ideale Produkt f\u00fcr viele Werbeideen. Er sorgt f\u00fcr \u00dcberraschung beim Empf\u00e4nger und bietet viel Platz f\u00fcr die Gestaltung. Der W\u00fcrfel wird in einer bedruckten Papier-Versandtasche flach geliefert. Wird der Umschlag ge\u00f6ffnet, poppt der W\u00fcrfel auf. W\u00fcrfel und Umschlag sind 4-farbig nach [&hellip;]<\/p>\n","protected":false},"featured_media":3402,"template":"","meta":{"_et_pb_use_builder":"","_et_pb_old_content":"","_et_gb_content_width":""},"product_brand":[],"product_cat":[209,207],"product_tag":[561,560,564],"class_list":{"0":"post-3403","1":"product","2":"type-product","3":"status-publish","4":"has-post-thumbnail","6":"product_cat-werbewelt","7":"product_cat-wuerfelwelt","8":"product_tag-haus","9":"product_tag-mailingartikel","10":"product_tag-springen","12":"first","13":"instock","14":"shipping-taxable","15":"product-type-simple"},"_links":{"self":[{"href":"https:\/\/e-xact.de\/en\/wp-json\/wp\/v2\/product\/3403","targetHints":{"allow":["GET"]}}],"collection":[{"href":"https:\/\/e-xact.de\/en\/wp-json\/wp\/v2\/product"}],"about":[{"href":"https:\/\/e-xact.de\/en\/wp-json\/wp\/v2\/types\/product"}],"wp:featuredmedia":[{"embeddable":true,"href":"https:\/\/e-xact.de\/en\/wp-json\/wp\/v2\/media\/3402"}],"wp:attachment":[{"href":"https:\/\/e-xact.de\/en\/wp-json\/wp\/v2\/media?parent=3403"}],"wp:term":[{"taxonomy":"product_brand","embeddable":true,"href":"https:\/\/e-xact.de\/en\/wp-json\/wp\/v2\/product_brand?post=3403"},{"taxonomy":"product_cat","embeddable":true,"href":"https:\/\/e-xact.de\/en\/wp-json\/wp\/v2\/product_cat?post=3403"},{"taxonomy":"product_tag","embeddable":true,"href":"https:\/\/e-xact.de\/en\/wp-json\/wp\/v2\/product_tag?post=3403"}],"curies":[{"name":"wp","href":"https:\/\/api.w.org\/{rel}","templated":true}]}}