{"id":3401,"date":"2022-01-28T16:30:23","date_gmt":"2022-01-28T15:30:23","guid":{"rendered":"https:\/\/e-xact.de\/produkt\/haendi-poempeli\/"},"modified":"2025-12-04T14:13:10","modified_gmt":"2025-12-04T13:13:10","slug":"haendi-poempeli","status":"publish","type":"product","link":"https:\/\/e-xact.de\/en\/product\/haendi-poempeli\/","title":{"rendered":"H\u00e4ndi P\u00f6mpeli"},"content":{"rendered":"<p>The H\u00e4ndi P\u00f6mpeli attaches itself to the back of mobile phones, digital cameras, etc. and serves as a support for them. Available according to customer PMS. Pad printing is possible on the wooden handle and suction cup.<\/p>","protected":false},"excerpt":{"rendered":"<p>The H\u00e4ndi P\u00f6mpeli attaches itself to the back of mobile phones, digital cameras, etc. and serves as a support for them. Available according to customer PMS. Pad printing is possible on the wooden handle and suction cup.<\/p>","protected":false},"featured_media":3400,"template":"","meta":{"_et_pb_use_builder":"","_et_pb_old_content":"","_et_gb_content_width":""},"product_brand":[],"product_cat":[209],"product_tag":[1343,525,537,536,1345,1344],"class_list":{"0":"post-3401","1":"product","2":"type-product","3":"status-publish","4":"has-post-thumbnail","6":"product_cat-werbewelt","7":"product_tag-handwerker","8":"product_tag-handy","9":"product_tag-handyhalter","10":"product_tag-handystand","11":"product_tag-mobilphonestand-2","12":"product_tag-toilette","14":"first","15":"instock","16":"shipping-taxable","17":"product-type-simple"},"_links":{"self":[{"href":"https:\/\/e-xact.de\/en\/wp-json\/wp\/v2\/product\/3401","targetHints":{"allow":["GET"]}}],"collection":[{"href":"https:\/\/e-xact.de\/en\/wp-json\/wp\/v2\/product"}],"about":[{"href":"https:\/\/e-xact.de\/en\/wp-json\/wp\/v2\/types\/product"}],"wp:featuredmedia":[{"embeddable":true,"href":"https:\/\/e-xact.de\/en\/wp-json\/wp\/v2\/media\/3400"}],"wp:attachment":[{"href":"https:\/\/e-xact.de\/en\/wp-json\/wp\/v2\/media?parent=3401"}],"wp:term":[{"taxonomy":"product_brand","embeddable":true,"href":"https:\/\/e-xact.de\/en\/wp-json\/wp\/v2\/product_brand?post=3401"},{"taxonomy":"product_cat","embeddable":true,"href":"https:\/\/e-xact.de\/en\/wp-json\/wp\/v2\/product_cat?post=3401"},{"taxonomy":"product_tag","embeddable":true,"href":"https:\/\/e-xact.de\/en\/wp-json\/wp\/v2\/product_tag?post=3401"}],"curies":[{"name":"wp","href":"https:\/\/api.w.org\/{rel}","templated":true}]}}