{"id":25095338,"date":"2026-01-19T13:33:01","date_gmt":"2026-01-19T12:33:01","guid":{"rendered":"https:\/\/e-xact.de\/?post_type=product&#038;p=25095338"},"modified":"2026-01-19T13:34:06","modified_gmt":"2026-01-19T12:34:06","slug":"exact-zauberwuerfel-easy","status":"publish","type":"product","link":"https:\/\/e-xact.de\/en\/product\/exact-zauberwuerfel-easy\/","title":{"rendered":"NEU ! e!xact Zauberw\u00fcrfel &#8211; EASY"},"content":{"rendered":"<p>Neuer Zauberw\u00fcrfel \u2013 easy ist Programm<br \/>\nMit ein bisschen Geduld ist dieser Zauberw\u00fcrfel f\u00fcr jedermann l\u00f6sbar. Dank seiner handlichen Gr\u00f6\u00dfe passt er perfekt in jede Hosentasche und ist der ideale Begleiter f\u00fcr unterwegs. Spa\u00df und Herausforderung garantiert!<\/p>","protected":false},"excerpt":{"rendered":"<p>Neuer Zauberw\u00fcrfel \u2013 easy ist Programm Mit ein bisschen Geduld ist dieser Zauberw\u00fcrfel f\u00fcr jedermann l\u00f6sbar. Dank seiner handlichen Gr\u00f6\u00dfe passt er perfekt in jede Hosentasche und ist der ideale Begleiter f\u00fcr unterwegs. Spa\u00df und Herausforderung garantiert!<\/p>","protected":false},"featured_media":25095339,"template":"","meta":{"_et_pb_use_builder":"","_et_pb_old_content":"","_et_gb_content_width":""},"product_brand":[],"product_cat":[207],"product_tag":[726,568,720,533,656,951],"class_list":{"0":"post-25095338","1":"product","2":"type-product","3":"status-publish","4":"has-post-thumbnail","6":"product_cat-wuerfelwelt","7":"product_tag-drehwuerfel","8":"product_tag-geduldspiel","9":"product_tag-rubiks","10":"product_tag-schueler","11":"product_tag-spielzeug","12":"product_tag-streuartikel","14":"first","15":"instock","16":"shipping-taxable","17":"product-type-simple"},"_links":{"self":[{"href":"https:\/\/e-xact.de\/en\/wp-json\/wp\/v2\/product\/25095338","targetHints":{"allow":["GET"]}}],"collection":[{"href":"https:\/\/e-xact.de\/en\/wp-json\/wp\/v2\/product"}],"about":[{"href":"https:\/\/e-xact.de\/en\/wp-json\/wp\/v2\/types\/product"}],"wp:featuredmedia":[{"embeddable":true,"href":"https:\/\/e-xact.de\/en\/wp-json\/wp\/v2\/media\/25095339"}],"wp:attachment":[{"href":"https:\/\/e-xact.de\/en\/wp-json\/wp\/v2\/media?parent=25095338"}],"wp:term":[{"taxonomy":"product_brand","embeddable":true,"href":"https:\/\/e-xact.de\/en\/wp-json\/wp\/v2\/product_brand?post=25095338"},{"taxonomy":"product_cat","embeddable":true,"href":"https:\/\/e-xact.de\/en\/wp-json\/wp\/v2\/product_cat?post=25095338"},{"taxonomy":"product_tag","embeddable":true,"href":"https:\/\/e-xact.de\/en\/wp-json\/wp\/v2\/product_tag?post=25095338"}],"curies":[{"name":"wp","href":"https:\/\/api.w.org\/{rel}","templated":true}]}}